{"id":7452,"date":"2014-09-14T17:12:34","date_gmt":"2014-09-14T15:12:34","guid":{"rendered":"http:\/\/localhost\/gutscheine\/?page_id=7452"},"modified":"2015-06-30T17:17:26","modified_gmt":"2015-06-30T15:17:26","slug":"hilfe","status":"publish","type":"page","link":"https:\/\/www.bloggerei.de\/gutscheine\/hilfe\/","title":{"rendered":"Gutscheine nutzen"},"content":{"rendered":"<h2 id=\"gutschein-nutzen\">Wie benutze ich eure Gutscheine?<\/h2>\n<p>Klicke einfach auf das Gutscheinfeld auf unserer Webseite. Der entsprechende Shop \u00f6ffnet sich in einem neuen Fenster (dies geben uns unsere Partner-Shops vor). Auf unserer Seite findest du nach dem Klick nun im Gutscheinfeld deinen Gutscheincode. Kopiere den Gutscheincode (entweder mit einem Rechtsklick mit der Maus und anschlie\u00dfend &#8222;kopieren&#8220; oder dr\u00fccke einfach STRG+C). Wenn du deine Bestellung im Online Shop abschlie\u00dft, kopierst du deinen Code dann einfach in das entsprechende Feld. Bei den meisten Shops findest du das Gutscheinfeld, im letzten Schritt deiner Bestellung. Dort steht dann: &#8222;Gutscheincode eingeben&#8220;, &#8222;Vorteilscode eingeben&#8220; oder auch &#8222;Rabattcode eingeben&#8220;. Oft haben wir den Vorgang auch noch mal auf unseren Gutscheinseiten illustriert.<\/p>\n<h2>Wie benutze ich Gutscheine zum Ausdrucken?<\/h2>\n<p>Wir haben einige Gutscheine zum Ausdrucken in unserem Sortiment, z.B. f\u00fcr McDonald&#8217;s und andere Shops. Diese Gutscheine stellen wir dir meistens als PDF-Dokumente zur Verf\u00fcgung, die du dann einfach ein deinem Computer ausdrucken kannst.<\/p>\n<p>Klicke dazu einfach das Gutscheinfeld auf unserer Webseite an. Das PDF-Dokument \u00f6ffnet sich jetzt in einem neuen Fenster. Hier kannst du einfach auf &#8222;Drucken&#8220; klicken und den Gutschein ausdrucken. Den ausgedruckten Gutschein nimmst du dann einfach mit in den Laden, gibst ihn beim Bezahlen an der Kasse und bekommst deinen Rabatt.<\/p>\n<h2>Ein Gutschein auf eurer Webseite funktioniert nicht, was kann ich tun?<\/h2>\n<p>Als Allererstes &#8211; das ist Mist! Das nervt uns mindestens genauso wie dich und sollte nicht passieren!<\/p>\n<p>Alle unsere Gutscheine sind gepr\u00fcft und funktionieren im Normalfall tadellos, solange sie g\u00fcltig sind. Einige Gutscheine sind allerdings nur f\u00fcr bestimmte Nutzergruppen g\u00fcltig, z.B. nur f\u00fcr Neukunden. Au\u00dferdem sind die Rabatte oft an Mindestbestellwerte gekn\u00fcpft, die du bei deinem Einkauf erreichen musst. In sehr seltenen F\u00e4llen sind die Gutscheine nur so lange g\u00fcltig, wie der Vorrat im jeweiligen Shop reicht. Ist das Produkt also ausverkauft, kannst du den Gutschein nicht mehr einl\u00f6sen.<\/p>\n<p>Wenn du einen Gutschein findest, kannst du jederzeit die Bewertungsfunktion nutzen und anderen Nutzern mitteilen, dass der Gutschein nicht funktioniert. Umgekehrt kannst du nat\u00fcrlich auch eine positive Bewertung abgeben und somit mitteilen, dass alles bestens geklappt hat und du einen Rabatt bekommen hast.<\/p>\n<h2>Wie gebe ich eine Bewertung ab?<\/h2>\n<p>Auf jeder Gutscheinseite f\u00fcr einen Shop findest du unter dem Bild des Shops eine Sternchen-Grafik, mit der du deine Bewertung abgeben kannst. Hat ein Gutschein also funktioniert, dann lass das uns und alle anderen Nutzer wissen und gib dem Shop 5 Sterne. Mit deiner Bewertung hilfst du anderen Nutzern, die besten Shops und Gutscheine zu finden.<\/p>\n<h2 id=\"woher-kommen-die-rabatte\">Woher kommen eigentlich die Rabatte?<\/h2>\n<p>Die meisten Online Shops stellen Gutscheine zur Verf\u00fcgung, um neue Kunden zu gewinnen oder um bestehende Kunden zum weiteren Einkaufen anzureizen. Die Gutscheincodes werden dabei aber nur selten \u00f6ffentlich in dem Online Shop bekanntgegeben.<\/p>\n<p>Wir recherchieren alle Gutscheincodes f\u00fcr dich und suchen dar\u00fcberhinaus nach den besten Angeboten und Schn\u00e4ppchen im Netz und auch offline, denn manchmal sind gar keine Gutscheincodes notwendig und es l\u00e4sst sich trotzdem eine Menge Geld sparen.<\/p>\n<h1>Gutschein Community<\/h1>\n<h2 id=\"gutschein-einreichen\">Wie kann ich einen Gutscheincode einreichen und mit anderen teilen?<\/h2>\n<p>Klicke einfach <a href=\"https:\/\/www.bloggerei.de\/gutscheine\/kontakt\/\" target=\"_blank\">hier<\/a> und schicke uns den Code. Wir werden ihn nach einer Pr\u00fcfung auf unserer Seite ver\u00f6ffentlichen. Gib dazu einfach den Shopnamen ein, die Adresse, den Gutscheincode und ob der Code an bestimmte Bedingungen geln\u00fcpft ist. <\/p>\n<h2>Wie kann ich mich bei euch anmelden?<\/h2>\n<p>Wir stellen dir einen Gutschein-Newsletter zur Verf\u00fcgung, mit dem du immer \u00fcber aktuelle Gutscheine &#038; Angebote f\u00fcr deine Lieblings-Shops infomiert wirst. Klicke dazu einfach <a href=\"https:\/\/www.bloggerei.de\/gutscheine\/newsletter\/\" title=\"Gutschein Newsletter\" target=\"_blank\">hier<\/a>, gib deine E-Mail-Adresse ein &#8211; fertig. Wir behandeln deine Daten streng vertraulich und werden dir ausschlie\u00dflich neue Gutscheincodes schicken. Du kannst dich nat\u00fcrlich jederzeit wieder von unserem Newsletter abmelden.<\/p>\n<p>PS: als Newsletter-Abonnent profitierst du zus\u00e4tzlich von unseren Aktionen, bei denen du &#8211; na, wer h\u00e4tte es gedacht &#8211; Gutscheine f\u00fcr die beliebtesten Online Shops oder auch Preise wie Handys oder \u00c4hnliches gewinnen kannst. Also jetzt schnell anmelden!<\/p>\n<h1 id=\"merchant-fragen\">Merchant Fragen<\/h1>\n<h2>Ich habe einen Online Shop. Warum sollte ich Gutscheine anbieten?<\/h2>\n<p>Der erste Grund ist die riesige Menge an Nutzern, die sich t\u00e4glich auf die Suche nach Gutscheinen machen. Nutzer die immer wieder kleine Rabatte und Gutscheine f\u00fcr deinen Online Shop finden, kommen immer wieder und kaufen bei dir, denn sie lieben es einfach zu sparen! Au\u00dferdem ist unsere Webseite gut besucht und wir bringen dir mit einer Listung bei uns neue Besucher und k\u00f6nnen dabei helfen, deinen Online Shop bekannter und erfolreicher zu machen.<\/p>\n<p>Ist dein Online Shop also noch klein, dann gib einen \u00fcberschaubaren Anteil deiner Marge an die Nutzer weiter und profitiere davon, dass Nutzer deinen Shop ihren Freunden empfehlen, ihn in Social Networks sharen und bekannter machen.<\/p>\n<h2>Wie wird mein Shop auf eurer Seite gelistet?<\/h2>\n<p>Das ist einfach! Wir arbeiten bereits mit den gr\u00f6\u00dften Online Shops zusammen, die Partnerprogramme anbieten und uns hier \u00fcber verf\u00fcgbare Gutscheine informieren. Dein Shop ist ebenfalls Teil eines der gro\u00dfen Netzwerke? Dann schick uns hier einfach eine Einladung. Du betreibst ein eigenes Partnerprogramm? Dann kontaktiere uns einfach per <a href=\"https:\/\/www.bloggerei.de\/gutscheine\/kontakt\/\" target=\"_blank\">E-Mail<\/a> und gib uns die Infos, die wir ben\u00f6tigen, um am PP teilzunehmen.<\/p>\n<h2>Wie kann ich meine Sales mit eurer Webseite steigern?<\/h2>\n<p>Ganz einfach &#8211; je besser deine Angebote und Deals sind, desto \u00f6fter wird der Shop \u00fcber unsere Webseite besucht und weiterempfohlen. Regelm\u00e4\u00dfige Aktionen &#8211; vor allen an Feiertagen, Jubil\u00e4en, usw. sind am beliebtesten bei unseren Nutzern. Du kannst dar\u00fcber hinaus auch verschiedene Werbeformate auf unserer Webseite buchen &#8211; sprich uns einfach an!<\/p>\n","protected":false},"excerpt":{"rendered":"<p>Wie benutze ich eure Gutscheine? Klicke einfach auf das Gutscheinfeld auf unserer Webseite. Der entsprechende Shop \u00f6ffnet sich in einem neuen Fenster (dies geben uns unsere Partner-Shops vor). Auf unserer Seite findest du nach dem Klick nun im Gutscheinfeld deinen Gutscheincode. Kopiere den Gutscheincode (entweder mit einem Rechtsklick mit der Maus und anschlie\u00dfend &#8222;kopieren&#8220; oder [&hellip;]<\/p>\n","protected":false},"author":2,"featured_media":0,"parent":0,"menu_order":0,"comment_status":"closed","ping_status":"closed","template":"","meta":{"footnotes":""},"class_list":["post-7452","page","type-page","status-publish","hentry"],"yoast_head":"<!-- This site is optimized with the Yoast SEO plugin v26.8 - https:\/\/yoast.com\/product\/yoast-seo-wordpress\/ -->\n<title>Gutscheine nutzen - Bloggerei.de Gutscheine<\/title>\n<meta name=\"description\" content=\"Wie benutze ich eure Gutscheine? Klicke einfach auf das Gutscheinfeld auf unserer Webseite. Der entsprechende Shop \u00f6ffnet sich in einem neuen Fenster\" \/>\n<meta name=\"robots\" content=\"index, follow, max-snippet:-1, max-image-preview:large, max-video-preview:-1\" \/>\n<link rel=\"canonical\" href=\"https:\/\/www.bloggerei.de\/gutscheine\/hilfe\/\" \/>\n<meta name=\"twitter:label1\" content=\"Gesch\u00e4tzte Lesezeit\" \/>\n\t<meta name=\"twitter:data1\" content=\"5\u00a0Minuten\" \/>\n<script type=\"application\/ld+json\" class=\"yoast-schema-graph\">{\"@context\":\"https:\/\/schema.org\",\"@graph\":[{\"@type\":\"WebPage\",\"@id\":\"https:\/\/www.bloggerei.de\/gutscheine\/hilfe\/\",\"url\":\"https:\/\/www.bloggerei.de\/gutscheine\/hilfe\/\",\"name\":\"Gutscheine nutzen - Bloggerei.de Gutscheine\",\"isPartOf\":{\"@id\":\"https:\/\/www.bloggerei.de\/gutscheine\/#website\"},\"datePublished\":\"2014-09-14T15:12:34+00:00\",\"dateModified\":\"2015-06-30T15:17:26+00:00\",\"description\":\"Wie benutze ich eure Gutscheine? Klicke einfach auf das Gutscheinfeld auf unserer Webseite. Der entsprechende Shop \u00f6ffnet sich in einem neuen Fenster\",\"breadcrumb\":{\"@id\":\"https:\/\/www.bloggerei.de\/gutscheine\/hilfe\/#breadcrumb\"},\"inLanguage\":\"de\",\"potentialAction\":[{\"@type\":\"ReadAction\",\"target\":[\"https:\/\/www.bloggerei.de\/gutscheine\/hilfe\/\"]}]},{\"@type\":\"BreadcrumbList\",\"@id\":\"https:\/\/www.bloggerei.de\/gutscheine\/hilfe\/#breadcrumb\",\"itemListElement\":[{\"@type\":\"ListItem\",\"position\":1,\"name\":\"Gutscheine\",\"item\":\"https:\/\/www.bloggerei.de\/gutscheine\/\"},{\"@type\":\"ListItem\",\"position\":2,\"name\":\"Gutscheine nutzen\"}]},{\"@type\":\"WebSite\",\"@id\":\"https:\/\/www.bloggerei.de\/gutscheine\/#website\",\"url\":\"https:\/\/www.bloggerei.de\/gutscheine\/\",\"name\":\"Bloggerei.de Gutscheine\",\"description\":\"Kostenlose Gutscheine f\u00fcr alle deutschen Online Shops\",\"publisher\":{\"@id\":\"https:\/\/www.bloggerei.de\/gutscheine\/#organization\"},\"potentialAction\":[{\"@type\":\"SearchAction\",\"target\":{\"@type\":\"EntryPoint\",\"urlTemplate\":\"https:\/\/www.bloggerei.de\/gutscheine\/?s={search_term_string}\"},\"query-input\":{\"@type\":\"PropertyValueSpecification\",\"valueRequired\":true,\"valueName\":\"search_term_string\"}}],\"inLanguage\":\"de\"},{\"@type\":\"Organization\",\"@id\":\"https:\/\/www.bloggerei.de\/gutscheine\/#organization\",\"name\":\"Bloggerei.de\",\"url\":\"https:\/\/www.bloggerei.de\/gutscheine\/\",\"logo\":{\"@type\":\"ImageObject\",\"inLanguage\":\"de\",\"@id\":\"https:\/\/www.bloggerei.de\/gutscheine\/#\/schema\/logo\/image\/\",\"url\":\"https:\/\/www.bloggerei.de\/gutscheine\/wp-content\/uploads\/2018\/09\/logo.png\",\"contentUrl\":\"https:\/\/www.bloggerei.de\/gutscheine\/wp-content\/uploads\/2018\/09\/logo.png\",\"width\":300,\"height\":91,\"caption\":\"Bloggerei.de\"},\"image\":{\"@id\":\"https:\/\/www.bloggerei.de\/gutscheine\/#\/schema\/logo\/image\/\"}}]}<\/script>\n<!-- \/ Yoast SEO plugin. -->","yoast_head_json":{"title":"Gutscheine nutzen - Bloggerei.de Gutscheine","description":"Wie benutze ich eure Gutscheine? Klicke einfach auf das Gutscheinfeld auf unserer Webseite. Der entsprechende Shop \u00f6ffnet sich in einem neuen Fenster","robots":{"index":"index","follow":"follow","max-snippet":"max-snippet:-1","max-image-preview":"max-image-preview:large","max-video-preview":"max-video-preview:-1"},"canonical":"https:\/\/www.bloggerei.de\/gutscheine\/hilfe\/","twitter_misc":{"Gesch\u00e4tzte Lesezeit":"5\u00a0Minuten"},"schema":{"@context":"https:\/\/schema.org","@graph":[{"@type":"WebPage","@id":"https:\/\/www.bloggerei.de\/gutscheine\/hilfe\/","url":"https:\/\/www.bloggerei.de\/gutscheine\/hilfe\/","name":"Gutscheine nutzen - Bloggerei.de Gutscheine","isPartOf":{"@id":"https:\/\/www.bloggerei.de\/gutscheine\/#website"},"datePublished":"2014-09-14T15:12:34+00:00","dateModified":"2015-06-30T15:17:26+00:00","description":"Wie benutze ich eure Gutscheine? Klicke einfach auf das Gutscheinfeld auf unserer Webseite. Der entsprechende Shop \u00f6ffnet sich in einem neuen Fenster","breadcrumb":{"@id":"https:\/\/www.bloggerei.de\/gutscheine\/hilfe\/#breadcrumb"},"inLanguage":"de","potentialAction":[{"@type":"ReadAction","target":["https:\/\/www.bloggerei.de\/gutscheine\/hilfe\/"]}]},{"@type":"BreadcrumbList","@id":"https:\/\/www.bloggerei.de\/gutscheine\/hilfe\/#breadcrumb","itemListElement":[{"@type":"ListItem","position":1,"name":"Gutscheine","item":"https:\/\/www.bloggerei.de\/gutscheine\/"},{"@type":"ListItem","position":2,"name":"Gutscheine nutzen"}]},{"@type":"WebSite","@id":"https:\/\/www.bloggerei.de\/gutscheine\/#website","url":"https:\/\/www.bloggerei.de\/gutscheine\/","name":"Bloggerei.de Gutscheine","description":"Kostenlose Gutscheine f\u00fcr alle deutschen Online Shops","publisher":{"@id":"https:\/\/www.bloggerei.de\/gutscheine\/#organization"},"potentialAction":[{"@type":"SearchAction","target":{"@type":"EntryPoint","urlTemplate":"https:\/\/www.bloggerei.de\/gutscheine\/?s={search_term_string}"},"query-input":{"@type":"PropertyValueSpecification","valueRequired":true,"valueName":"search_term_string"}}],"inLanguage":"de"},{"@type":"Organization","@id":"https:\/\/www.bloggerei.de\/gutscheine\/#organization","name":"Bloggerei.de","url":"https:\/\/www.bloggerei.de\/gutscheine\/","logo":{"@type":"ImageObject","inLanguage":"de","@id":"https:\/\/www.bloggerei.de\/gutscheine\/#\/schema\/logo\/image\/","url":"https:\/\/www.bloggerei.de\/gutscheine\/wp-content\/uploads\/2018\/09\/logo.png","contentUrl":"https:\/\/www.bloggerei.de\/gutscheine\/wp-content\/uploads\/2018\/09\/logo.png","width":300,"height":91,"caption":"Bloggerei.de"},"image":{"@id":"https:\/\/www.bloggerei.de\/gutscheine\/#\/schema\/logo\/image\/"}}]}},"_links":{"self":[{"href":"https:\/\/www.bloggerei.de\/gutscheine\/wp-json\/wp\/v2\/pages\/7452","targetHints":{"allow":["GET"]}}],"collection":[{"href":"https:\/\/www.bloggerei.de\/gutscheine\/wp-json\/wp\/v2\/pages"}],"about":[{"href":"https:\/\/www.bloggerei.de\/gutscheine\/wp-json\/wp\/v2\/types\/page"}],"author":[{"embeddable":true,"href":"https:\/\/www.bloggerei.de\/gutscheine\/wp-json\/wp\/v2\/users\/2"}],"replies":[{"embeddable":true,"href":"https:\/\/www.bloggerei.de\/gutscheine\/wp-json\/wp\/v2\/comments?post=7452"}],"version-history":[{"count":0,"href":"https:\/\/www.bloggerei.de\/gutscheine\/wp-json\/wp\/v2\/pages\/7452\/revisions"}],"wp:attachment":[{"href":"https:\/\/www.bloggerei.de\/gutscheine\/wp-json\/wp\/v2\/media?parent=7452"}],"curies":[{"name":"wp","href":"https:\/\/api.w.org\/{rel}","templated":true}]}}